{"id":152,"date":"2026-03-26T09:53:05","date_gmt":"2026-03-26T08:53:05","guid":{"rendered":"https:\/\/lapizcadesal.es\/?page_id=152"},"modified":"2026-03-27T09:39:45","modified_gmt":"2026-03-27T08:39:45","slug":"menu-la-pizca-de-sal","status":"publish","type":"page","link":"https:\/\/lapizcadesal.es\/index.php\/menu-la-pizca-de-sal\/","title":{"rendered":"Men\u00fa la Pizca de Sal"},"content":{"rendered":"<p>[et_pb_section fb_built=\u00bb1&#8243; _builder_version=\u00bb4.27.6&#8243; _module_preset=\u00bbdefault\u00bb background_image=\u00bbhttp:\/\/lapizcadesal.es\/wp-content\/uploads\/2026\/03\/ensaladas.png\u00bb locked=\u00bboff\u00bb global_colors_info=\u00bb{}\u00bb][et_pb_row _builder_version=\u00bb4.27.6&#8243; _module_preset=\u00bbdefault\u00bb locked=\u00bboff\u00bb global_colors_info=\u00bb{}\u00bb][et_pb_column type=\u00bb4_4&#8243; _builder_version=\u00bb4.27.6&#8243; _module_preset=\u00bbdefault\u00bb global_colors_info=\u00bb{}\u00bb][et_pb_image src=\u00bbhttp:\/\/lapizcadesal.es\/wp-content\/uploads\/2026\/03\/logotipo-la-pizca-de-sal-grande.png\u00bb title_text=\u00bblogotipo-la-pizca-de-sal-grande\u00bb align=\u00bbcenter\u00bb _builder_version=\u00bb4.27.6&#8243; _module_preset=\u00bbdefault\u00bb global_colors_info=\u00bb{}\u00bb][\/et_pb_image][\/et_pb_column][\/et_pb_row][\/et_pb_section][et_pb_section fb_built=\u00bb1&#8243; _builder_version=\u00bb4.27.6&#8243; _module_preset=\u00bbdefault\u00bb custom_padding=\u00bb41px|||||\u00bb global_colors_info=\u00bb{}\u00bb][et_pb_row _builder_version=\u00bb4.27.6&#8243; _module_preset=\u00bbdefault\u00bb custom_margin=\u00bb|auto||auto|false|false\u00bb locked=\u00bboff\u00bb global_colors_info=\u00bb{}\u00bb][et_pb_column type=\u00bb4_4&#8243; _builder_version=\u00bb4.27.6&#8243; _module_preset=\u00bbdefault\u00bb global_colors_info=\u00bb{}\u00bb][et_pb_text _builder_version=\u00bb4.27.6&#8243; _module_preset=\u00bbdefault\u00bb header_3_font=\u00bbLuna|700|||||||\u00bb header_3_text_color=\u00bb#c5a134&#8243; header_3_font_size=\u00bb70px\u00bb global_colors_info=\u00bb{}\u00bb]<\/p>\n<h3 style=\"text-align: center;\">Men\u00fa la Pizca de Sal<\/h3>\n<p>[\/et_pb_text][\/et_pb_column][\/et_pb_row][et_pb_row column_structure=\u00bb1_2,1_2&#8243; _builder_version=\u00bb4.27.6&#8243; _module_preset=\u00bbdefault\u00bb max_width=\u00bb100%\u00bb global_colors_info=\u00bb{}\u00bb][et_pb_column type=\u00bb1_2&#8243; _builder_version=\u00bb4.27.6&#8243; _module_preset=\u00bbdefault\u00bb global_colors_info=\u00bb{}\u00bb][et_pb_text _builder_version=\u00bb4.27.6&#8243; _module_preset=\u00bbdefault\u00bb text_font=\u00bbwalkway-bold|700|||||||\u00bb text_font_size=\u00bb20px\u00bb header_3_font=\u00bbLuna|700|||||||\u00bb header_3_text_color=\u00bb#c5a134&#8243; header_3_font_size=\u00bb70px\u00bb global_colors_info=\u00bb{}\u00bb]<\/p>\n<h3 style=\"text-align: center;\">Entrantes<\/h3>\n<p style=\"text-align: center;\">\u00a0Para compartir<\/p>\n<p>[\/et_pb_text][\/et_pb_column][et_pb_column type=\u00bb1_2&#8243; _builder_version=\u00bb4.27.6&#8243; _module_preset=\u00bbdefault\u00bb global_colors_info=\u00bb{}\u00bb][et_pb_text _builder_version=\u00bb4.27.6&#8243; _module_preset=\u00bbdefault\u00bb hover_enabled=\u00bb0&#8243; global_colors_info=\u00bb{}\u00bb sticky_enabled=\u00bb0&#8243;]<\/p>\n<h2 style=\"text-align: center;\">Ensalada de queso de cabra<strong><br \/><\/strong><\/h2>\n<p style=\"text-align: center;\">con brotes tiernos, tomatitos cherry, frutos secos e higos\u00a0<\/p>\n<p style=\"text-align: center;\">\n<h2 class=\"espanol\" style=\"text-align: center;\">Bu\u00f1uelos de bacalao<\/h2>\n<p style=\"text-align: center;\">con all i oli negre<\/p>\n<p style=\"text-align: center;\">\n<h2 class=\"espanol\" style=\"text-align: center;\">flor de alcachofa contida<\/h2>\n<p style=\"text-align: center;\">con emulsi\u00f3n de anacardos y jam\u00f3n ib\u00e9rico crujiente<\/p>\n<p class=\"espanol\" style=\"text-align: center;\">\n<p class=\"espanol\" style=\"text-align: center;\">\n<p class=\"espanol\" style=\"text-align: center;\">\n<p>[\/et_pb_text][\/et_pb_column][\/et_pb_row][et_pb_row _builder_version=\u00bb4.27.6&#8243; _module_preset=\u00bbdefault\u00bb max_width=\u00bb100%\u00bb global_colors_info=\u00bb{}\u00bb][et_pb_column type=\u00bb4_4&#8243; _builder_version=\u00bb4.27.6&#8243; _module_preset=\u00bbdefault\u00bb global_colors_info=\u00bb{}\u00bb][et_pb_divider color=\u00bb#c5a134&#8243; divider_style=\u00bbdashed\u00bb divider_weight=\u00bb3px\u00bb _builder_version=\u00bb4.27.6&#8243; _module_preset=\u00bbdefault\u00bb global_colors_info=\u00bb{}\u00bb][\/et_pb_divider][\/et_pb_column][\/et_pb_row][et_pb_row column_structure=\u00bb1_2,1_2&#8243; _builder_version=\u00bb4.27.6&#8243; _module_preset=\u00bbdefault\u00bb max_width=\u00bb100%\u00bb global_colors_info=\u00bb{}\u00bb][et_pb_column type=\u00bb1_2&#8243; _builder_version=\u00bb4.27.6&#8243; _module_preset=\u00bbdefault\u00bb global_colors_info=\u00bb{}\u00bb][et_pb_text _builder_version=\u00bb4.27.6&#8243; _module_preset=\u00bbdefault\u00bb text_font=\u00bbwalkway-bold|700|||||||\u00bb text_font_size=\u00bb20px\u00bb header_3_font=\u00bbLuna|700|||||||\u00bb header_3_text_color=\u00bb#c5a134&#8243; header_3_font_size=\u00bb70px\u00bb global_colors_info=\u00bb{}\u00bb]<\/p>\n<h3 style=\"text-align: center;\">Segundo<\/h3>\n<p style=\"text-align: center;\">\u00a0A elegir<\/p>\n<p>[\/et_pb_text][\/et_pb_column][et_pb_column type=\u00bb1_2&#8243; _builder_version=\u00bb4.27.6&#8243; _module_preset=\u00bbdefault\u00bb global_colors_info=\u00bb{}\u00bb][et_pb_text _builder_version=\u00bb4.27.6&#8243; _module_preset=\u00bbdefault\u00bb global_colors_info=\u00bb{}\u00bb]<\/p>\n<h2 class=\"espanol\" style=\"text-align: center;\">Lomo de bacalao confitado a baja temperatura<\/h2>\n<p class=\"espanol\" style=\"text-align: center;\">con pimientos asados de piquillo y pi\u00f1ones tostados<\/p>\n<p class=\"espanol\" style=\"text-align: center;\">\n<h2 class=\"espanol\" style=\"text-align: center;\">Carrillera ib\u00e9rica estofada<\/h2>\n<p class=\"espanol\" style=\"text-align: center;\">con crema de patata trufada y salsa de su propio jugo<\/p>\n<p class=\"espanol\" style=\"text-align: center;\">\n<h2 class=\"espanol\" style=\"text-align: center;\">Muslo de pato confitado<\/h2>\n<p class=\"espanol\" style=\"text-align: center;\">con salsa de orejones y ciruelas (Suplemento 3,5\u20ac)<\/p>\n<p class=\"espanol\" style=\"text-align: center;\">\n<h2 class=\"espanol\" style=\"text-align: center;\">Arroz a banda<\/h2>\n<p class=\"espanol\" style=\"text-align: center;\">(M\u00ednimo dos personas)<\/p>\n<p class=\"espanol\" style=\"text-align: center;\">\n<h2 class=\"espanol\" style=\"text-align: center;\">Paella valenciana<\/h2>\n<p class=\"espanol\" style=\"text-align: center;\">(M\u00ednimo dos personas)<\/p>\n<p class=\"espanol\" style=\"text-align: center;\">\n<h2 class=\"espanol\" style=\"text-align: center;\">Arroz meloso o seco de chipirones,<\/h2>\n<h2 class=\"espanol\" style=\"text-align: center;\">ajos tiernos y habitas<\/h2>\n<p class=\"espanol\" style=\"text-align: center;\">(M\u00ednimo dos personas)<\/p>\n<h2 class=\"espanol\" style=\"text-align: center;\"><\/h2>\n<p>[\/et_pb_text][\/et_pb_column][\/et_pb_row][et_pb_row _builder_version=\u00bb4.27.6&#8243; _module_preset=\u00bbdefault\u00bb max_width=\u00bb100%\u00bb global_colors_info=\u00bb{}\u00bb][et_pb_column type=\u00bb4_4&#8243; _builder_version=\u00bb4.27.6&#8243; _module_preset=\u00bbdefault\u00bb global_colors_info=\u00bb{}\u00bb][et_pb_divider color=\u00bb#c5a134&#8243; divider_style=\u00bbdashed\u00bb divider_weight=\u00bb3px\u00bb _builder_version=\u00bb4.27.6&#8243; _module_preset=\u00bbdefault\u00bb global_colors_info=\u00bb{}\u00bb][\/et_pb_divider][\/et_pb_column][\/et_pb_row][et_pb_row _builder_version=\u00bb4.27.6&#8243; _module_preset=\u00bbdefault\u00bb global_colors_info=\u00bb{}\u00bb][et_pb_column type=\u00bb4_4&#8243; _builder_version=\u00bb4.27.6&#8243; _module_preset=\u00bbdefault\u00bb global_colors_info=\u00bb{}\u00bb][et_pb_text _builder_version=\u00bb4.27.6&#8243; _module_preset=\u00bbdefault\u00bb global_colors_info=\u00bb{}\u00bb]<\/p>\n<h2 class=\"espanol\" style=\"text-align: center;\"><strong>Postre o caf\u00e9<\/strong><\/h2>\n<p style=\"text-align: center;\">*Bebidas no incluidas<\/p>\n<h2 class=\"espanol\" style=\"text-align: center; font-size: 30px;\"><strong>30\u20ac<\/strong><\/h2>\n<p style=\"text-align: center;\">Precio por persona<\/p>\n<p>&nbsp;<\/p>\n<p>[\/et_pb_text][\/et_pb_column][\/et_pb_row][et_pb_row _builder_version=\u00bb4.27.6&#8243; _module_preset=\u00bbdefault\u00bb max_width=\u00bb100%\u00bb global_colors_info=\u00bb{}\u00bb][et_pb_column type=\u00bb4_4&#8243; _builder_version=\u00bb4.27.6&#8243; _module_preset=\u00bbdefault\u00bb global_colors_info=\u00bb{}\u00bb][et_pb_divider color=\u00bb#c5a134&#8243; divider_style=\u00bbdashed\u00bb divider_weight=\u00bb3px\u00bb _builder_version=\u00bb4.27.6&#8243; _module_preset=\u00bbdefault\u00bb global_colors_info=\u00bb{}\u00bb][\/et_pb_divider][\/et_pb_column][\/et_pb_row][\/et_pb_section][et_pb_section fb_built=\u00bb1&#8243; _builder_version=\u00bb4.27.6&#8243; _module_preset=\u00bbdefault\u00bb custom_margin=\u00bb0px|0px|0px|0px|false|false\u00bb custom_padding=\u00bb0px|0px|0px|0px|false|false\u00bb locked=\u00bboff\u00bb global_colors_info=\u00bb{}\u00bb][et_pb_row _builder_version=\u00bb4.27.6&#8243; _module_preset=\u00bbdefault\u00bb module_alignment=\u00bbleft\u00bb custom_margin=\u00bb|||30px|false|false\u00bb custom_padding=\u00bb||||false|false\u00bb global_colors_info=\u00bb{}\u00bb][et_pb_column type=\u00bb4_4&#8243; _builder_version=\u00bb4.27.6&#8243; _module_preset=\u00bbdefault\u00bb global_colors_info=\u00bb{}\u00bb][et_pb_text _builder_version=\u00bb4.27.6&#8243; _module_preset=\u00bbdefault\u00bb header_font=\u00bbLuna||||||||\u00bb header_text_color=\u00bb#c5a134&#8243; header_font_size=\u00bb55px\u00bb custom_margin=\u00bb-5px||-21px|30px|false|false\u00bb global_colors_info=\u00bb{}\u00bb]<\/p>\n<h1 style=\"text-align: left;\">\u00c1rea de contacto<\/h1>\n<p>[\/et_pb_text][\/et_pb_column][\/et_pb_row][et_pb_row column_structure=\u00bb1_4,1_4,1_2&#8243; _builder_version=\u00bb4.27.6&#8243; _module_preset=\u00bbdefault\u00bb width=\u00bb100%\u00bb max_width=\u00bb100%\u00bb custom_padding=\u00bb0px|||||\u00bb global_colors_info=\u00bb{}\u00bb][et_pb_column type=\u00bb1_4&#8243; _builder_version=\u00bb4.27.6&#8243; _module_preset=\u00bbdefault\u00bb global_colors_info=\u00bb{}\u00bb][et_pb_text _builder_version=\u00bb4.27.6&#8243; _module_preset=\u00bbdefault\u00bb text_font=\u00bbwalkway-bold||||||||\u00bb custom_margin=\u00bb50px||0px|30px|false|false\u00bb global_colors_info=\u00bb{}\u00bb]<\/p>\n<h2>Tel\u00e9fono<\/h2>\n<p>[\/et_pb_text][et_pb_text _builder_version=\u00bb4.27.6&#8243; _module_preset=\u00bbdefault\u00bb text_font=\u00bbwalkway-bold||||||||\u00bb custom_margin=\u00bb|||30px|false|false\u00bb global_colors_info=\u00bb{}\u00bb]<\/p>\n<h2>(+34) 963 911 796<\/h2>\n<p>[\/et_pb_text][et_pb_text _builder_version=\u00bb4.27.6&#8243; _module_preset=\u00bbdefault\u00bb text_font=\u00bbwalkway-bold||||||||\u00bb custom_margin=\u00bb50px||0px|30px|false|false\u00bb global_colors_info=\u00bb{}\u00bb]<\/p>\n<h2>Email<\/h2>\n<p>[\/et_pb_text][et_pb_text _builder_version=\u00bb4.27.6&#8243; _module_preset=\u00bbdefault\u00bb text_font=\u00bbwalkway-bold||||||||\u00bb header_font=\u00bbwalkway-bold||||||||\u00bb header_2_font_size=\u00bb15px\u00bb custom_margin=\u00bb|||30px|false|false\u00bb global_colors_info=\u00bb{}\u00bb]<\/p>\n<h2>lapizcadesalrestaurante@gmail.com<\/h2>\n<p>[\/et_pb_text][et_pb_text _builder_version=\u00bb4.27.6&#8243; _module_preset=\u00bbdefault\u00bb text_font=\u00bbwalkway-bold||||||||\u00bb custom_margin=\u00bb50px||0px|30px|false|false\u00bb global_colors_info=\u00bb{}\u00bb]<\/p>\n<h2>Ubicaci\u00f3n<\/h2>\n<p>[\/et_pb_text][et_pb_text _builder_version=\u00bb4.27.6&#8243; _module_preset=\u00bbdefault\u00bb text_font=\u00bbwalkway-bold||||||||\u00bb header_2_font_size=\u00bb15px\u00bb custom_margin=\u00bb||0px|30px|false|false\u00bb global_colors_info=\u00bb{}\u00bb]<\/p>\n<h2>Plaza Sta \u00darsula n\u00ba3 Bajo<\/h2>\n<p>[\/et_pb_text][et_pb_text _builder_version=\u00bb4.27.6&#8243; _module_preset=\u00bbdefault\u00bb text_font=\u00bbwalkway-bold||||||||\u00bb header_2_font_size=\u00bb15px\u00bb custom_margin=\u00bb|||30px|false|false\u00bb global_colors_info=\u00bb{}\u00bb]<\/p>\n<h2>Junto a Torres de Quart<\/h2>\n<p>[\/et_pb_text][\/et_pb_column][et_pb_column type=\u00bb1_4&#8243; _builder_version=\u00bb4.27.6&#8243; _module_preset=\u00bbdefault\u00bb global_colors_info=\u00bb{}\u00bb][et_pb_text _builder_version=\u00bb4.27.6&#8243; _module_preset=\u00bbdefault\u00bb text_font=\u00bbwalkway-bold||||||||\u00bb custom_margin=\u00bb50px||0px|30px|false|false\u00bb global_colors_info=\u00bb{}\u00bb]<\/p>\n<h2>Tel\u00e9fono M\u00f3vil<\/h2>\n<p>[\/et_pb_text][et_pb_text _builder_version=\u00bb4.27.6&#8243; _module_preset=\u00bbdefault\u00bb text_font=\u00bbwalkway-bold||||||||\u00bb header_2_font_size=\u00bb15px\u00bb custom_margin=\u00bb||0px|30px|false|false\u00bb global_colors_info=\u00bb{}\u00bb]<\/p>\n<h2>(+34) 673 086 838<\/h2>\n<p>[\/et_pb_text][et_pb_text _builder_version=\u00bb4.27.6&#8243; _module_preset=\u00bbdefault\u00bb text_font=\u00bbwalkway-bold||||||||\u00bb custom_margin=\u00bb50px||0px|30px|false|false\u00bb global_colors_info=\u00bb{}\u00bb]<\/p>\n<h2>Horario<\/h2>\n<p>[\/et_pb_text][et_pb_text _builder_version=\u00bb4.27.6&#8243; _module_preset=\u00bbdefault\u00bb text_font=\u00bbwalkway-bold||||||||\u00bb header_2_font_size=\u00bb15px\u00bb custom_margin=\u00bb||0px|30px|false|false\u00bb global_colors_info=\u00bb{}\u00bb]<\/p>\n<h2>Lunes cerrado.<\/h2>\n<p>[\/et_pb_text][et_pb_text _builder_version=\u00bb4.27.6&#8243; _module_preset=\u00bbdefault\u00bb text_font=\u00bbwalkway-bold||||||||\u00bb header_2_font_size=\u00bb15px\u00bb custom_margin=\u00bb||0px|30px|false|false\u00bb global_colors_info=\u00bb{}\u00bb]<\/p>\n<h2>Martes a mi\u00e9rcoles:<\/h2>\n<p>[\/et_pb_text][et_pb_text _builder_version=\u00bb4.27.6&#8243; _module_preset=\u00bbdefault\u00bb text_font=\u00bbwalkway-bold||||||||\u00bb header_2_font_size=\u00bb15px\u00bb custom_margin=\u00bb||0px|30px|false|false\u00bb global_colors_info=\u00bb{}\u00bb]<\/p>\n<h2>11:00 a 16:30<\/h2>\n<p>[\/et_pb_text][et_pb_text _builder_version=\u00bb4.27.6&#8243; _module_preset=\u00bbdefault\u00bb text_font=\u00bbwalkway-bold||||||||\u00bb header_2_font_size=\u00bb15px\u00bb custom_margin=\u00bb||0px|30px|false|false\u00bb global_colors_info=\u00bb{}\u00bb]<\/p>\n<h2>Jueves a S\u00e1bado:<\/h2>\n<p>[\/et_pb_text][et_pb_text _builder_version=\u00bb4.27.6&#8243; _module_preset=\u00bbdefault\u00bb text_font=\u00bbwalkway-bold||||||||\u00bb header_2_font_size=\u00bb15px\u00bb custom_margin=\u00bb||0px|30px|false|false\u00bb global_colors_info=\u00bb{}\u00bb]<\/p>\n<h2>11:00 a 16:30 y 20:00 a 24:00<\/h2>\n<p>[\/et_pb_text][et_pb_text _builder_version=\u00bb4.27.6&#8243; _module_preset=\u00bbdefault\u00bb text_font=\u00bbwalkway-bold||||||||\u00bb header_2_font_size=\u00bb15px\u00bb custom_margin=\u00bb||0px|30px|false|false\u00bb global_colors_info=\u00bb{}\u00bb]<\/p>\n<h2>Domingo:<\/h2>\n<p>[\/et_pb_text][et_pb_text _builder_version=\u00bb4.27.6&#8243; _module_preset=\u00bbdefault\u00bb text_font=\u00bbwalkway-bold||||||||\u00bb header_2_font_size=\u00bb15px\u00bb custom_margin=\u00bb||0px|30px|false|false\u00bb global_colors_info=\u00bb{}\u00bb]<\/p>\n<h2>11:00 a 16:30<\/h2>\n<p>[\/et_pb_text][\/et_pb_column][et_pb_column type=\u00bb1_2&#8243; _builder_version=\u00bb4.27.6&#8243; _module_preset=\u00bbdefault\u00bb global_colors_info=\u00bb{}\u00bb][et_pb_text _builder_version=\u00bb4.27.6&#8243; _module_preset=\u00bbdefault\u00bb custom_margin=\u00bb|50px|||false|false\u00bb border_radii=\u00bbon|25px|25px|25px|25px\u00bb border_width_all=\u00bb2px\u00bb global_colors_info=\u00bb{}\u00bb]<\/p>\n<p style=\"text-align: center;\"><iframe loading=\"lazy\" src=\"https:\/\/www.google.com\/maps\/embed?pb=!1m18!1m12!1m3!1d3079.707354897774!2d-0.3855949841884836!3d39.47593947948555!2m3!1f0!2f0!3f0!3m2!1i1024!2i768!4f13.1!3m3!1m2!1s0xd604f501b745c4f%3A0xcaa5597ecb90228c!2sRestaurante+la+pizca+de+sal!5e0!3m2!1ses!2ses!4v1553624382414\" style=\"border: 0;\" allowfullscreen=\"\" width=\"100%\" height=\"350\" frameborder=\"0\"><\/iframe><\/p>\n<p>[\/et_pb_text][\/et_pb_column][\/et_pb_row][\/et_pb_section]<\/p>\n","protected":false},"excerpt":{"rendered":"<p>Men\u00fa la Pizca de SalEntrantes \u00a0Para compartirEnsalada de queso de cabra con brotes tiernos, tomatitos cherry, frutos secos e higos\u00a0 Bu\u00f1uelos de bacalao con all i oli negre flor de alcachofa contida con emulsi\u00f3n de anacardos y jam\u00f3n ib\u00e9rico crujiente Segundo \u00a0A elegirLomo de bacalao confitado a baja temperatura con pimientos asados de piquillo y [&hellip;]<\/p>\n","protected":false},"author":1,"featured_media":0,"parent":0,"menu_order":0,"comment_status":"closed","ping_status":"closed","template":"","meta":{"_et_pb_use_builder":"on","_et_pb_old_content":"","_et_gb_content_width":"","footnotes":""},"class_list":["post-152","page","type-page","status-publish","hentry"],"_links":{"self":[{"href":"https:\/\/lapizcadesal.es\/index.php\/wp-json\/wp\/v2\/pages\/152","targetHints":{"allow":["GET"]}}],"collection":[{"href":"https:\/\/lapizcadesal.es\/index.php\/wp-json\/wp\/v2\/pages"}],"about":[{"href":"https:\/\/lapizcadesal.es\/index.php\/wp-json\/wp\/v2\/types\/page"}],"author":[{"embeddable":true,"href":"https:\/\/lapizcadesal.es\/index.php\/wp-json\/wp\/v2\/users\/1"}],"replies":[{"embeddable":true,"href":"https:\/\/lapizcadesal.es\/index.php\/wp-json\/wp\/v2\/comments?post=152"}],"version-history":[{"count":6,"href":"https:\/\/lapizcadesal.es\/index.php\/wp-json\/wp\/v2\/pages\/152\/revisions"}],"predecessor-version":[{"id":219,"href":"https:\/\/lapizcadesal.es\/index.php\/wp-json\/wp\/v2\/pages\/152\/revisions\/219"}],"wp:attachment":[{"href":"https:\/\/lapizcadesal.es\/index.php\/wp-json\/wp\/v2\/media?parent=152"}],"curies":[{"name":"wp","href":"https:\/\/api.w.org\/{rel}","templated":true}]}}