{"id":162,"date":"2026-03-26T09:59:16","date_gmt":"2026-03-26T08:59:16","guid":{"rendered":"https:\/\/lapizcadesal.es\/?page_id=162"},"modified":"2026-03-27T09:39:32","modified_gmt":"2026-03-27T08:39:32","slug":"menu-de-empresas","status":"publish","type":"page","link":"https:\/\/lapizcadesal.es\/index.php\/menu-de-empresas\/","title":{"rendered":"Men\u00fa de empresas"},"content":{"rendered":"<p>[et_pb_section fb_built=\u00bb1&#8243; _builder_version=\u00bb4.27.6&#8243; _module_preset=\u00bbdefault\u00bb background_image=\u00bbhttp:\/\/lapizcadesal.es\/wp-content\/uploads\/2026\/03\/fondo-menus-2-1.png\u00bb locked=\u00bboff\u00bb global_colors_info=\u00bb{}\u00bb][et_pb_row _builder_version=\u00bb4.27.6&#8243; _module_preset=\u00bbdefault\u00bb locked=\u00bboff\u00bb global_colors_info=\u00bb{}\u00bb][et_pb_column type=\u00bb4_4&#8243; _builder_version=\u00bb4.27.6&#8243; _module_preset=\u00bbdefault\u00bb global_colors_info=\u00bb{}\u00bb][et_pb_image src=\u00bbhttp:\/\/lapizcadesal.es\/wp-content\/uploads\/2026\/03\/logotipo-la-pizca-de-sal-grande.png\u00bb title_text=\u00bblogotipo-la-pizca-de-sal-grande\u00bb align=\u00bbcenter\u00bb _builder_version=\u00bb4.27.6&#8243; _module_preset=\u00bbdefault\u00bb global_colors_info=\u00bb{}\u00bb][\/et_pb_image][\/et_pb_column][\/et_pb_row][\/et_pb_section][et_pb_section fb_built=\u00bb1&#8243; _builder_version=\u00bb4.27.6&#8243; _module_preset=\u00bbdefault\u00bb custom_padding=\u00bb41px|||||\u00bb locked=\u00bboff\u00bb global_colors_info=\u00bb{}\u00bb][et_pb_row _builder_version=\u00bb4.27.6&#8243; _module_preset=\u00bbdefault\u00bb custom_margin=\u00bb-6px|auto||auto||\u00bb locked=\u00bboff\u00bb global_colors_info=\u00bb{}\u00bb][et_pb_column type=\u00bb4_4&#8243; _builder_version=\u00bb4.27.6&#8243; _module_preset=\u00bbdefault\u00bb global_colors_info=\u00bb{}\u00bb][et_pb_text _builder_version=\u00bb4.27.6&#8243; _module_preset=\u00bbdefault\u00bb header_3_font=\u00bbLuna|700|||||||\u00bb header_3_text_color=\u00bb#c5a134&#8243; header_3_font_size=\u00bb70px\u00bb hover_enabled=\u00bb0&#8243; global_colors_info=\u00bb{}\u00bb sticky_enabled=\u00bb0&#8243;]<\/p>\n<h3 style=\"text-align: center;\">Men\u00fa para empresas<\/h3>\n<p>[\/et_pb_text][\/et_pb_column][\/et_pb_row][et_pb_row _builder_version=\u00bb4.27.6&#8243; _module_preset=\u00bbdefault\u00bb global_colors_info=\u00bb{}\u00bb][et_pb_column type=\u00bb4_4&#8243; _builder_version=\u00bb4.27.6&#8243; _module_preset=\u00bbdefault\u00bb global_colors_info=\u00bb{}\u00bb][et_pb_text _builder_version=\u00bb4.27.6&#8243; _module_preset=\u00bbdefault\u00bb hover_enabled=\u00bb0&#8243; sticky_enabled=\u00bb0&#8243; header_font=\u00bb|700|||||||\u00bb text_font_size=\u00bb26px\u00bb text_text_color=\u00bb#000000&#8243;]<\/p>\n<h1 style=\"text-align: center;\">Entrantes a compartir<\/h1>\n<p>&nbsp;<\/p>\n<p style=\"text-align: center;\">Ensalada de pastrami con berros, can\u00f3nigos, crujiente de carasau y ali\u00f1o de miel y mostaza<\/p>\n<p style=\"text-align: center;\">Coca cacera con sobrasada Se\u00f1or\u00edo de Montanera, cebolla caramelizada, lascas de queso curado trufado y miel<\/p>\n<p style=\"text-align: center;\">Carpacho de gambas con emulsi\u00f3n de leche de tigre y encurtidos<\/p>\n<p>&nbsp;<\/p>\n<p>&nbsp;<\/p>\n<p>&nbsp;<\/p>\n<h1 style=\"text-align: center;\">Principales a elegir<\/h1>\n<p>&nbsp;<\/p>\n<p style=\"text-align: center;\">Costilla de ternera a baja temperatura con salsa de Bourbon, parmentier de patata y verduras asadas<\/p>\n<p style=\"text-align: center;\">Corvina asada con pur\u00e9 de boniato en salsa de beurrec blanc<\/p>\n<p style=\"text-align: center;\">Jarrete de cordero confitado en su jugo con patatas al romero<\/p>\n<p style=\"text-align: center;\">Arroz meloso de secreto ib\u00e9rico Se\u00f1or\u00edo de Montanera con\u00a0boletus y\u00a0alcachofa<\/p>\n<p>&nbsp;<\/p>\n<p>&nbsp;<\/p>\n<p>&nbsp;<\/p>\n<h1 style=\"text-align: center;\">Postres<\/h1>\n<p>&nbsp;<\/p>\n<p style=\"text-align: center;\">Tarta de queso cremosa con un toque de gorgonzola y salsa de caramelo salado<\/p>\n<p style=\"text-align: center;\">fondant de chocolate con helado de pistacho<\/p>\n<p style=\"text-align: center;\">Torrija de pan brioche con helado de horchata<\/p>\n<h1 style=\"text-align: center;\">Incluye<\/h1>\n<p style=\"text-align: center;\">Una bebida por persona: \u00a0Una botella \u00a0de vino cada cuatro personas:Vino tinto Madame Bobalu, blanco D.O. Rueda, Dilema\u00a0Verdejo,<\/p>\n<p>&nbsp;<\/p>\n<h1 style=\"text-align: center;\">p\/p 39\u20ac<\/h1>\n<p>[\/et_pb_text][\/et_pb_column][\/et_pb_row][et_pb_row _builder_version=\u00bb4.27.6&#8243; _module_preset=\u00bbdefault\u00bb max_width=\u00bb100%\u00bb global_colors_info=\u00bb{}\u00bb][et_pb_column type=\u00bb4_4&#8243; _builder_version=\u00bb4.27.6&#8243; _module_preset=\u00bbdefault\u00bb global_colors_info=\u00bb{}\u00bb][et_pb_divider color=\u00bb#c5a134&#8243; divider_style=\u00bbdashed\u00bb divider_weight=\u00bb3px\u00bb _builder_version=\u00bb4.27.6&#8243; _module_preset=\u00bbdefault\u00bb global_colors_info=\u00bb{}\u00bb][\/et_pb_divider][\/et_pb_column][\/et_pb_row][\/et_pb_section]<\/p>\n","protected":false},"excerpt":{"rendered":"<p>Men\u00fa para empresasEntrantes a compartir &nbsp; Ensalada de pastrami con berros, can\u00f3nigos, crujiente de carasau y ali\u00f1o de miel y mostaza Coca cacera con sobrasada Se\u00f1or\u00edo de Montanera, cebolla caramelizada, lascas de queso curado trufado y miel Carpacho de gambas con emulsi\u00f3n de leche de tigre y encurtidos &nbsp; &nbsp; &nbsp; Principales a elegir &nbsp; [&hellip;]<\/p>\n","protected":false},"author":1,"featured_media":0,"parent":0,"menu_order":0,"comment_status":"closed","ping_status":"closed","template":"","meta":{"_et_pb_use_builder":"on","_et_pb_old_content":"","_et_gb_content_width":"","footnotes":""},"class_list":["post-162","page","type-page","status-publish","hentry"],"_links":{"self":[{"href":"https:\/\/lapizcadesal.es\/index.php\/wp-json\/wp\/v2\/pages\/162","targetHints":{"allow":["GET"]}}],"collection":[{"href":"https:\/\/lapizcadesal.es\/index.php\/wp-json\/wp\/v2\/pages"}],"about":[{"href":"https:\/\/lapizcadesal.es\/index.php\/wp-json\/wp\/v2\/types\/page"}],"author":[{"embeddable":true,"href":"https:\/\/lapizcadesal.es\/index.php\/wp-json\/wp\/v2\/users\/1"}],"replies":[{"embeddable":true,"href":"https:\/\/lapizcadesal.es\/index.php\/wp-json\/wp\/v2\/comments?post=162"}],"version-history":[{"count":4,"href":"https:\/\/lapizcadesal.es\/index.php\/wp-json\/wp\/v2\/pages\/162\/revisions"}],"predecessor-version":[{"id":218,"href":"https:\/\/lapizcadesal.es\/index.php\/wp-json\/wp\/v2\/pages\/162\/revisions\/218"}],"wp:attachment":[{"href":"https:\/\/lapizcadesal.es\/index.php\/wp-json\/wp\/v2\/media?parent=162"}],"curies":[{"name":"wp","href":"https:\/\/api.w.org\/{rel}","templated":true}]}}